{"id":73,"date":"2015-04-25T16:09:50","date_gmt":"2015-04-25T16:09:50","guid":{"rendered":"http:\/\/localhost:8888\/wordpress2\/?page_id=73"},"modified":"2018-11-19T14:11:14","modified_gmt":"2018-11-19T14:11:14","slug":"resources","status":"publish","type":"page","link":"https:\/\/www.rossmoncure.com\/wordpress\/resources\/","title":{"rendered":"Resources"},"content":{"rendered":"<p>Our engagement contract and credit card form can be found here, as well as a list of useful websites and publications.<\/p>\n<p><a href=\"http:\/\/www.rossmoncure.com\/documents\/spanish.pdf\" target=\"_blank\"><strong>Informaci\u00f3n General Sobre la Empresa<\/strong><\/a><br \/>\n<strong><a href=\"http:\/\/www.rossmoncure.com\/documents\/french.pdf\" target=\"_blank\">Pr\u00e9sentation de la Soci\u00e9t\u00e9<\/a><\/strong><br \/>\n<strong><a href=\"http:\/\/www.rossmoncure.com\/documents\/Firm Overview and Services - Italian.pdf\" target=\"_blank\">Informazioni generali sulla nostra impresa<\/a><\/strong><br \/>\n<strong><a href=\"http:\/\/www.rossmoncure.com\/documents\/german.pdf\" target=\"_blank\">Ein kurzer \u00dcberblick<\/a><\/strong><br \/>\n<strong><a href=\"http:\/\/www.rossmoncure.com\/documents\/mandarin.pdf\" target=\"_blank\">\u5173\u4e8e\u6211\u4eec<\/a><\/strong><\/p>\n<p><strong><a href=\"https:\/\/www.rossmoncure.com\/wordpress\/wp-content\/uploads\/2018\/11\/2018ENGAGEMENT.pdf\" target=\"_blank\">2018 Engagement Letter<\/a><\/strong><br \/>\nPlease sign and date the 2018 Engagement Letter. We will not embark upon preparing tax returns for clients until the contract has been signed, dated, and returned to us via post, e-mail or fax.<\/p>\n<p><strong><a href=\"http:\/\/www.rossmoncure.com\/wordpress\/wp-content\/uploads\/2016\/01\/Non-disclosure.pdf\" target=\"_blank\">Ross &amp; Moncure&#8217;s Non-Disclosure Agreement<\/a><\/strong><br \/>\nRoss &amp; Moncure deems all of the promises, policies and information in our Non-Disclosure Agreement to apply regardless of whether or not the Agreement has been signed by both us and by the client in question. Therefore, it is only necessary to sign and keep the Agreement on file should your company policy dictate that this is necessary, or should doing this enable you to sleep better at night.<\/p>\n<p><strong><a href=\"http:\/\/www.rossmoncure.com\/wordpress\/wp-content\/uploads\/2015\/11\/Consent-for-Disclosure-of-Tax-Information.pdf\" target=\"_blank\">Consent for Disclosure of Tax Information Persuant to IRC Section 7216<\/a><\/strong><br \/>\nRoss &amp; Moncure cannot release any information to a third party (a lawyer, banker, or other accountant) on behalf of a client unless the client fills out and signs this form. It can be returned to us via mail, e-mail, or fax.<\/p>\n<p><strong><a href=\"http:\/\/www.aicpa.org\/InterestAreas\/Tax\/Resources\/StandardsEthics\/StatementsonStandardsforTaxServices\/DownloadableDocuments\/SSTS,%20Effective%20January%201,%202010.pdf\" target=\"_blank\">American Institute of Certified Public Accountants &#8212; Standards<\/a><\/strong><br \/>\nWant to learn more about the professional standards that we seek to meet? Follow the link above to the AICPA website.<\/p>\n<p>Internal Revenue Service<br \/>\n<a href=\"http:\/\/www.irs.gov\/\" target=\"_blank\">IRS &#8211; Home<\/a><br \/>\n<a href=\"https:\/\/www.irs.gov\/forms-pubs\" target=\"_blank\">Forms and Publications<\/a><br \/>\n<a href=\"http:\/\/www.irs.gov\/Refunds\/Where's-My-Refund-It's-Quick,-Easy,-and-Secure.\" target=\"_blank\">Where&#8217;s My Refund?<\/a><br \/>\n<a href=\"http:\/\/www.irs.gov\/Payments\/Direct-Pay\" target=\"_blank\">IRS Direct Pay<\/a><\/p>\n<p>IRS \/ Department of Homeland Security \/ Financial Crimes Enforcement Network Resources<br \/>\n<a href=\"http:\/\/apps.irs.gov\/app\/fatcaFfiList\/flu.jsf\" target=\"_blank\">List of International Financial Institutions Complying with FACTA<\/a><br \/>\n<a href=\"http:\/\/www.irs.gov\/Individuals\/International-Taxpayers\/Offshore-Voluntary-Disclosure-Program-Frequently-Asked-Questions-and-Answers\" target=\"_blank\">Offshore Voluntary Disclosure Program FAQ<\/a><\/p>\n<p>Check On A State Refund<br \/>\n<a href=\"http:\/\/www.rossmoncure.com\/documents\/WheresMyRefund.pdf\" target=\"_blank\">Where&#8217;s My State Refund?<\/a><\/p>\n<p>Social Security Administration<br \/>\n<a href=\"http:\/\/www.ssa.gov\/international\/index.html\" target=\"_blank\">Office of International Programs<\/a><\/p>\n<p>Virginia<br \/>\n<a href=\"http:\/\/www.tax.virginia.gov\/\" target=\"_blank\">Virginia Department of Taxation<\/a><br \/>\n<a href=\"http:\/\/www.virginia529.com\/\" target=\"_blank\">Virginia 529 College Savings Plan<\/a><br \/>\n<a href=\"http:\/\/alexandriava.gov\/Revenue\" target=\"_blank\">City of Alexandria Revenue Administration Division<\/a><br \/>\n<a href=\"http:\/\/www.fairfaxcounty.gov\/dta\/\" target=\"_blank\">Fairfax Department of Tax Administration<\/a><br \/>\n<a href=\"http:\/\/www.arlingtonva.us\/Departments\/CommissionerOfRevenue\/CommissionerOfRevenueMain.aspx\" target=\"_blank\">Arlington Office of the Commissioner of Revenue<\/a><\/p>\n<p>Maryland<br \/>\n<a href=\"http:\/\/www.comp.state.md.us\/\" target=\"_blank\">Comptroller of Maryland<\/a><br \/>\n<a href=\"http:\/\/www.collegesavingsmd.org\/\" target=\"_blank\">College Savings Plans of Maryland<\/a><\/p>\n<p>District of Columbia<br \/>\n<a href=\"http:\/\/otr.cfo.dc.gov\/\" target=\"_blank\">DC Office of Tax and Revenue<\/a><br \/>\n<a href=\"http:\/\/www.dc529.com\/\" target=\"_blank\">DC College Savings Plan<\/a><\/p>\n<p>New York<br \/>\n<a href=\"http:\/\/www.tax.ny.gov\/\" target=\"_blank\">NY Department of Taxation and Finance<\/a><br \/>\n<a href=\"https:\/\/www.nysaves.org\/content\/home.html\" target=\"_blank\">NY 529 College Savings Plan<\/a><\/p>\n<p>Other Useful Resources<br \/>\n<a href=\"http:\/\/www.kbb.com\/\" target=\"_blank\">Kelley Blue Book<\/a><br \/>\n<a href=\"http:\/\/www.oanda.com\/currency\/historical-rates\/\" target=\"_blank\">OANDA Currency Converter<\/a><br \/>\n<a href=\"http:\/\/www.totaltaxinsights.org\/Calculator\" target=\"_blank\">AICPA Tax Calculator<\/a><br \/>\n<a href=\"http:\/\/www.amazon.com\/101-Tips-Maximizing-College-Financial\/dp\/0974924989\">101 Tips for Maximizing College Financial Aid: Definitive Guide to Completing 2011-2012 FAFSA<\/a> by Alice Orzechowski<br \/>\n<a href=\"http:\/\/www.thesimpledollar.com\" target=\"_blank\">Financial Literacy Resources<\/a> by The Simple Dollar<\/p>\n<p>&nbsp;<\/p>\n","protected":false},"excerpt":{"rendered":"<p>Our engagement contract and credit card form can be found here, as well as a list of useful websites and publications. Informaci\u00f3n General Sobre la Empresa Pr\u00e9sentation de la Soci\u00e9t\u00e9 Informazioni generali sulla nostra impresa Ein kurzer \u00dcberblick \u5173\u4e8e\u6211\u4eec 2018 Engagement Letter Please sign and date the 2018 Engagement Letter. We will not embark upon<a class=\"moretag\" href=\"https:\/\/www.rossmoncure.com\/wordpress\/resources\/\"  > &#8230;Read More<\/a><\/p>\n","protected":false},"author":1,"featured_media":0,"parent":0,"menu_order":0,"comment_status":"closed","ping_status":"closed","template":"","meta":{"_acf_changed":false,"footnotes":""},"class_list":["post-73","page","type-page","status-publish","hentry"],"acf":[],"_links":{"self":[{"href":"https:\/\/www.rossmoncure.com\/wordpress\/wp-json\/wp\/v2\/pages\/73","targetHints":{"allow":["GET"]}}],"collection":[{"href":"https:\/\/www.rossmoncure.com\/wordpress\/wp-json\/wp\/v2\/pages"}],"about":[{"href":"https:\/\/www.rossmoncure.com\/wordpress\/wp-json\/wp\/v2\/types\/page"}],"author":[{"embeddable":true,"href":"https:\/\/www.rossmoncure.com\/wordpress\/wp-json\/wp\/v2\/users\/1"}],"replies":[{"embeddable":true,"href":"https:\/\/www.rossmoncure.com\/wordpress\/wp-json\/wp\/v2\/comments?post=73"}],"version-history":[{"count":26,"href":"https:\/\/www.rossmoncure.com\/wordpress\/wp-json\/wp\/v2\/pages\/73\/revisions"}],"predecessor-version":[{"id":1416,"href":"https:\/\/www.rossmoncure.com\/wordpress\/wp-json\/wp\/v2\/pages\/73\/revisions\/1416"}],"wp:attachment":[{"href":"https:\/\/www.rossmoncure.com\/wordpress\/wp-json\/wp\/v2\/media?parent=73"}],"curies":[{"name":"wp","href":"https:\/\/api.w.org\/{rel}","templated":true}]}}